{"id":6,"date":"2024-04-03T15:46:52","date_gmt":"2024-04-03T13:46:52","guid":{"rendered":"https:\/\/harrypotterfragrances.com\/?page_id=6"},"modified":"2024-05-02T14:30:08","modified_gmt":"2024-05-02T12:30:08","slug":"countdown","status":"publish","type":"page","link":"https:\/\/harrypotterfragrances.com\/es\/countdown\/","title":{"rendered":"Countdown"},"content":{"rendered":"<div data-elementor-type=\"wp-page\" data-elementor-id=\"6\" class=\"elementor elementor-6\" data-elementor-post-type=\"page\">\n\t\t\t\t<div class=\"elementor-element elementor-element-0409300 e-flex e-con-boxed wpr-particle-no wpr-jarallax-no wpr-parallax-no wpr-sticky-section-no wpr-equal-height-no e-con e-parent\" data-id=\"0409300\" data-element_type=\"container\" data-settings=\"{&quot;background_background&quot;:&quot;slideshow&quot;,&quot;background_slideshow_gallery&quot;:[{&quot;id&quot;:226,&quot;url&quot;:&quot;https:\\\/\\\/harrypotterfragrances.com\\\/wp-content\\\/uploads\\\/2024\\\/04\\\/HP_All_Comercial_CloseUp_02_blur.webp&quot;}],&quot;background_slideshow_loop&quot;:&quot;yes&quot;,&quot;background_slideshow_slide_duration&quot;:5000,&quot;background_slideshow_slide_transition&quot;:&quot;fade&quot;,&quot;background_slideshow_transition_duration&quot;:500}\">\n\t\t\t\t\t<div class=\"e-con-inner\">\n\t\t\t\t<div class=\"elementor-element elementor-element-5a007bc elementor-widget elementor-widget-spacer\" data-id=\"5a007bc\" data-element_type=\"widget\" data-widget_type=\"spacer.default\">\n\t\t\t\t<div class=\"elementor-widget-container\">\n\t\t\t\t\t\t\t<div class=\"elementor-spacer\">\n\t\t\t<div class=\"elementor-spacer-inner\"><\/div>\n\t\t<\/div>\n\t\t\t\t\t\t<\/div>\n\t\t\t\t<\/div>\n\t\t\t\t<div class=\"elementor-element elementor-element-1f8702f elementor-widget elementor-widget-heading\" data-id=\"1f8702f\" data-element_type=\"widget\" data-widget_type=\"heading.default\">\n\t\t\t\t<div class=\"elementor-widget-container\">\n\t\t\t\t\t<h1 class=\"elementor-heading-title elementor-size-default\">Descubre fragancias inspiradas <\/br> en el m\u00e1gico universo de Harry Potter.<\/h1>\t\t\t\t<\/div>\n\t\t\t\t<\/div>\n\t\t\t\t<div class=\"elementor-element elementor-element-3fb889b elementor-widget elementor-widget-spacer\" data-id=\"3fb889b\" data-element_type=\"widget\" data-widget_type=\"spacer.default\">\n\t\t\t\t<div class=\"elementor-widget-container\">\n\t\t\t\t\t\t\t<div class=\"elementor-spacer\">\n\t\t\t<div class=\"elementor-spacer-inner\"><\/div>\n\t\t<\/div>\n\t\t\t\t\t\t<\/div>\n\t\t\t\t<\/div>\n\t\t\t\t<div class=\"elementor-element elementor-element-ce3be34 elementor-align-center elementor-widget elementor-widget-button\" data-id=\"ce3be34\" data-element_type=\"widget\" data-widget_type=\"button.default\">\n\t\t\t\t<div class=\"elementor-widget-container\">\n\t\t\t\t\t\t\t\t\t<div class=\"elementor-button-wrapper\">\n\t\t\t\t\t<a class=\"elementor-button elementor-size-sm\" role=\"button\">\n\t\t\t\t\t\t<span class=\"elementor-button-content-wrapper\">\n\t\t\t\t\t\t\t\t\t<span class=\"elementor-button-text\">AVAILABLE SOON<\/span>\n\t\t\t\t\t<\/span>\n\t\t\t\t\t<\/a>\n\t\t\t\t<\/div>\n\t\t\t\t\t\t\t\t<\/div>\n\t\t\t\t<\/div>\n\t\t\t\t<div class=\"elementor-element elementor-element-505f944 elementor-widget elementor-widget-wpr-countdown\" data-id=\"505f944\" data-element_type=\"widget\" data-widget_type=\"wpr-countdown.default\">\n\t\t\t\t<div class=\"elementor-widget-container\">\n\t\t\t\t\t<div class=\"wpr-countdown-wrap elementor-clearfix\" data-type=\"due-date\" data-show-again=\"0\" data-actions=\"[]\" data-interval=\"1714678200\"><div class=\"wpr-countdown-item\"><span class=\"wpr-countdown-number wpr-countdown-days\" data-item=\"days\"><\/span><span class=\"wpr-countdown-label\" data-text=\"{&quot;singular&quot;:&quot;Day&quot;,&quot;plural&quot;:&quot;Days&quot;}\">Days<\/span><\/div><span class=\"wpr-countdown-separator\"><span><\/span><span><\/span><\/span><div class=\"wpr-countdown-item\"><span class=\"wpr-countdown-number wpr-countdown-hours\" data-item=\"hours\"><\/span><span class=\"wpr-countdown-label\" data-text=\"{&quot;singular&quot;:&quot;Hour&quot;,&quot;plural&quot;:&quot;Hours&quot;}\">Hours<\/span><\/div><span class=\"wpr-countdown-separator\"><span><\/span><span><\/span><\/span><div class=\"wpr-countdown-item\"><span class=\"wpr-countdown-number wpr-countdown-minutes\" data-item=\"minutes\"><\/span><span class=\"wpr-countdown-label\" data-text=\"{&quot;singular&quot;:&quot;Minute&quot;,&quot;plural&quot;:&quot;Minutes&quot;}\">Minutes<\/span><\/div><span class=\"wpr-countdown-separator\"><span><\/span><span><\/span><\/span><div class=\"wpr-countdown-item\"><span class=\"wpr-countdown-number wpr-countdown-seconds\" data-item=\"seconds\"><\/span><span class=\"wpr-countdown-label\">Seconds<\/span><\/div><span class=\"wpr-countdown-separator\"><span><\/span><span><\/span><\/span><\/div>\t\t\t\t<\/div>\n\t\t\t\t<\/div>\n\t\t\t\t<div class=\"elementor-element elementor-element-2bcbdb2 elementor-widget elementor-widget-text-editor\" data-id=\"2bcbdb2\" data-element_type=\"widget\" data-widget_type=\"text-editor.default\">\n\t\t\t\t<div class=\"elementor-widget-container\">\n\t\t\t\t\t\t\t\t\tSum\u00e9rgete en la fascinaci\u00f3n del Wizarding World con nuestra nueva colecci\u00f3n de fragancias.<\/br>\nInspiradas en los lugares y escenas m\u00e1s emblem\u00e1ticos de la serie, cada esencia despierta sensaciones <\/br>\nde magia y aventura.\t\t\t\t\t\t\t\t<\/div>\n\t\t\t\t<\/div>\n\t\t\t\t<div class=\"elementor-element elementor-element-b2c59c5 elementor-widget elementor-widget-spacer\" data-id=\"b2c59c5\" data-element_type=\"widget\" data-widget_type=\"spacer.default\">\n\t\t\t\t<div class=\"elementor-widget-container\">\n\t\t\t\t\t\t\t<div class=\"elementor-spacer\">\n\t\t\t<div class=\"elementor-spacer-inner\"><\/div>\n\t\t<\/div>\n\t\t\t\t\t\t<\/div>\n\t\t\t\t<\/div>\n\t\t\t\t\t<\/div>\n\t\t\t\t<\/div>\n\t\t\t\t<\/div>","protected":false},"excerpt":{"rendered":"<p>Explore fragrances inspired by the Magical World of Harry Potter AVAILABLE SOON DaysHoursMinutesSeconds Immerse yourselves in the allure of the Wizarding World through our new fragrance range. Inspired by iconic places and scenes from the series, each scent invokes feelings of magic and adventure.<\/p>","protected":false},"author":2,"featured_media":0,"parent":0,"menu_order":0,"comment_status":"closed","ping_status":"closed","template":"","meta":{"site-sidebar-layout":"no-sidebar","site-content-layout":"","ast-site-content-layout":"full-width-container","site-content-style":"default","site-sidebar-style":"default","ast-global-header-display":"","ast-banner-title-visibility":"","ast-main-header-display":"","ast-hfb-above-header-display":"","ast-hfb-below-header-display":"","ast-hfb-mobile-header-display":"","site-post-title":"disabled","ast-breadcrumbs-content":"","ast-featured-img":"disabled","footer-sml-layout":"","ast-disable-related-posts":"","theme-transparent-header-meta":"","adv-header-id-meta":"","stick-header-meta":"","header-above-stick-meta":"","header-main-stick-meta":"","header-below-stick-meta":"","astra-migrate-meta-layouts":"default","ast-page-background-enabled":"default","ast-page-background-meta":{"desktop":{"background-color":"var(--ast-global-color-4)","background-image":"","background-repeat":"repeat","background-position":"center center","background-size":"auto","background-attachment":"scroll","background-type":"","background-media":"","overlay-type":"","overlay-color":"","overlay-opacity":"","overlay-gradient":""},"tablet":{"background-color":"","background-image":"","background-repeat":"repeat","background-position":"center center","background-size":"auto","background-attachment":"scroll","background-type":"","background-media":"","overlay-type":"","overlay-color":"","overlay-opacity":"","overlay-gradient":""},"mobile":{"background-color":"","background-image":"","background-repeat":"repeat","background-position":"center center","background-size":"auto","background-attachment":"scroll","background-type":"","background-media":"","overlay-type":"","overlay-color":"","overlay-opacity":"","overlay-gradient":""}},"ast-content-background-meta":{"desktop":{"background-color":"var(--ast-global-color-5)","background-image":"","background-repeat":"repeat","background-position":"center center","background-size":"auto","background-attachment":"scroll","background-type":"","background-media":"","overlay-type":"","overlay-color":"","overlay-opacity":"","overlay-gradient":""},"tablet":{"background-color":"var(--ast-global-color-5)","background-image":"","background-repeat":"repeat","background-position":"center center","background-size":"auto","background-attachment":"scroll","background-type":"","background-media":"","overlay-type":"","overlay-color":"","overlay-opacity":"","overlay-gradient":""},"mobile":{"background-color":"var(--ast-global-color-5)","background-image":"","background-repeat":"repeat","background-position":"center center","background-size":"auto","background-attachment":"scroll","background-type":"","background-media":"","overlay-type":"","overlay-color":"","overlay-opacity":"","overlay-gradient":""}},"footnotes":""},"_links":{"self":[{"href":"https:\/\/harrypotterfragrances.com\/es\/wp-json\/wp\/v2\/pages\/6"}],"collection":[{"href":"https:\/\/harrypotterfragrances.com\/es\/wp-json\/wp\/v2\/pages"}],"about":[{"href":"https:\/\/harrypotterfragrances.com\/es\/wp-json\/wp\/v2\/types\/page"}],"author":[{"embeddable":true,"href":"https:\/\/harrypotterfragrances.com\/es\/wp-json\/wp\/v2\/users\/2"}],"replies":[{"embeddable":true,"href":"https:\/\/harrypotterfragrances.com\/es\/wp-json\/wp\/v2\/comments?post=6"}],"version-history":[{"count":107,"href":"https:\/\/harrypotterfragrances.com\/es\/wp-json\/wp\/v2\/pages\/6\/revisions"}],"predecessor-version":[{"id":509,"href":"https:\/\/harrypotterfragrances.com\/es\/wp-json\/wp\/v2\/pages\/6\/revisions\/509"}],"wp:attachment":[{"href":"https:\/\/harrypotterfragrances.com\/es\/wp-json\/wp\/v2\/media?parent=6"}],"curies":[{"name":"wp","href":"https:\/\/api.w.org\/{rel}","templated":true}]}}